{"id":534,"date":"2025-02-12T13:35:04","date_gmt":"2025-02-12T13:35:04","guid":{"rendered":"https:\/\/www.gelecekarsa.tr\/?post_type=product&#038;p=534"},"modified":"2025-04-28T07:41:08","modified_gmt":"2025-04-28T07:41:08","slug":"canakkale-biga-eybekli-4563mt-tarla","status":"publish","type":"product","link":"https:\/\/www.gelecekarsa.tr\/?product=canakkale-biga-eybekli-4563mt-tarla","title":{"rendered":"\u00c7anakkale &#8211; Biga -Eybekli &#8211; 4563mt Tarla"},"content":{"rendered":"<h3>B\u0130GA EYBEKL\u0130&#8217;DE 4563 M2 TARLA<\/h3>\n<p><strong>204 parsel<\/strong><\/p>\n<p><strong>Arsa \u00d6zellikleri:<\/strong><\/p>\n<ul>\n<li><strong>Konum:<\/strong>\u00a0Eybekli<\/li>\n<li><strong>B\u00fcy\u00fckl\u00fck:<\/strong>\u00a04563 m\u00b2<\/li>\n<li><strong>\u0130mar Durumu :\u00a0\u00a0Tarla<\/strong><\/li>\n<\/ul>\n<h3><strong>Lokasyon Avantajlar\u0131:<\/strong><\/h3>\n<ul>\n<li><strong>Konum:<\/strong>\u00a0Eybekli K\u00f6y Merkezi 700m. , Biga Merkez 5km<\/li>\n<li><strong>Ula\u015f\u0131m Kolayl\u0131\u011f\u0131:<\/strong>\u00a0Biga \u2013 \u00c7an Ana Yolu 1.5 km<\/li>\n<li><strong>Do\u011fayla \u0130\u00e7 \u0130\u00e7e:<\/strong>\u00a0Biga\u2019nin temiz havas\u0131 ve do\u011fas\u0131n\u0131n keyfini \u00e7\u0131kar\u0131n.<\/li>\n<\/ul>\n<h3><strong>Fiyat: 1.150.000TL<\/strong><\/h3>\n<p>Uygun fiyat\u0131yla yat\u0131r\u0131mc\u0131lar i\u00e7in ka\u00e7\u0131r\u0131lmayacak bir f\u0131rsat!<\/p>\n<p>Detayl\u0131 bilgi ve yer g\u00f6sterimi i\u00e7in bizimle ileti\u015fime ge\u00e7ebilirsiniz:<br \/>\n<strong>0 542 291 99 83<\/strong><br \/>\n<strong>Gelecek Gayrimenkul Yat\u0131r\u0131m Dan\u0131\u015fmanl\u0131\u011f\u0131<\/strong><br \/>\nHamdibey Mh. \u015eehit Kaymakam Hamdibey Sk. No:9\/A Biga \u00c7anakkale<\/p>\n<p><strong>H\u0131zl\u0131 davran\u0131n, bu f\u0131rsat\u0131 ka\u00e7\u0131rmay\u0131n!<\/strong><\/p>\n","protected":false},"excerpt":{"rendered":"<p>B\u0130GA EYBEKL\u0130&#8217;DE 4563 M2 TARLA 204 parsel Arsa \u00d6zellikleri: Konum:\u00a0Eybekli B\u00fcy\u00fckl\u00fck:\u00a04563 m\u00b2 \u0130mar Durumu :\u00a0\u00a0Tarla Lokasyon Avantajlar\u0131: Konum:\u00a0Eybekli K\u00f6y Merkezi 700m. , Biga Merkez 5km Ula\u015f\u0131m Kolayl\u0131\u011f\u0131:\u00a0Biga \u2013 \u00c7an Ana Yolu 1.5 km Do\u011fayla \u0130\u00e7 \u0130\u00e7e:\u00a0Biga\u2019nin temiz havas\u0131 ve do\u011fas\u0131n\u0131n keyfini \u00e7\u0131kar\u0131n. Fiyat: 1.150.000TL Uygun fiyat\u0131yla yat\u0131r\u0131mc\u0131lar i\u00e7in ka\u00e7\u0131r\u0131lmayacak bir f\u0131rsat! Detayl\u0131 bilgi ve yer [&#8230;]\n","protected":false},"featured_media":558,"template":"","meta":[],"product_cat":[71,69],"product_tag":[],"class_list":{"0":"post-534","1":"product","2":"type-product","3":"status-publish","4":"has-post-thumbnail","6":"product_cat-arsalar","7":"product_cat-tarlabahce","9":"first","10":"instock","11":"sale","12":"shipping-taxable","13":"purchasable","14":"product-type-simple"},"_links":{"self":[{"href":"https:\/\/www.gelecekarsa.tr\/index.php?rest_route=\/wp\/v2\/product\/534","targetHints":{"allow":["GET"]}}],"collection":[{"href":"https:\/\/www.gelecekarsa.tr\/index.php?rest_route=\/wp\/v2\/product"}],"about":[{"href":"https:\/\/www.gelecekarsa.tr\/index.php?rest_route=\/wp\/v2\/types\/product"}],"wp:featuredmedia":[{"embeddable":true,"href":"https:\/\/www.gelecekarsa.tr\/index.php?rest_route=\/wp\/v2\/media\/558"}],"wp:attachment":[{"href":"https:\/\/www.gelecekarsa.tr\/index.php?rest_route=%2Fwp%2Fv2%2Fmedia&parent=534"}],"wp:term":[{"taxonomy":"product_cat","embeddable":true,"href":"https:\/\/www.gelecekarsa.tr\/index.php?rest_route=%2Fwp%2Fv2%2Fproduct_cat&post=534"},{"taxonomy":"product_tag","embeddable":true,"href":"https:\/\/www.gelecekarsa.tr\/index.php?rest_route=%2Fwp%2Fv2%2Fproduct_tag&post=534"}],"curies":[{"name":"wp","href":"https:\/\/api.w.org\/{rel}","templated":true}]}}