{"id":560,"date":"2025-06-11T19:38:12","date_gmt":"2025-06-11T19:38:12","guid":{"rendered":"https:\/\/www.gelecekarsa.tr\/?post_type=product&#038;p=560"},"modified":"2025-06-11T19:38:12","modified_gmt":"2025-06-11T19:38:12","slug":"kirklareli-demirkoy-boztas-koyu-2-138-mt-tarla","status":"publish","type":"product","link":"https:\/\/www.gelecekarsa.tr\/?product=kirklareli-demirkoy-boztas-koyu-2-138-mt-tarla","title":{"rendered":"K\u0131rklareli \u2013 Demirk\u00f6y \u2013 Bozta\u015f K\u00f6y\u00fc \u2013 2.138 mt Tarla"},"content":{"rendered":"<h3>KIRKLAREL\u0130 DEM\u0130RK\u00d6Y\u2019DE 2.138 M2 TARLA<\/h3>\n<p><strong>101 ada 433 parsel<\/strong><\/p>\n<p><strong>Arsa \u00d6zellikleri:<\/strong><\/p>\n<ul>\n<li><strong>Konum:<\/strong> K\u0131rklareli Demirk\u00f6y Bozta\u015f<\/li>\n<li><strong>B\u00fcy\u00fckl\u00fck:<\/strong> 2.138 m\u00b2<\/li>\n<li><strong>\u0130mar Durumu :\u00a0\u00a0Tarla<\/strong><\/li>\n<\/ul>\n<h3><strong>Lokasyon Avantajlar\u0131:<\/strong><\/h3>\n<ul>\n<li><strong>Konum:<\/strong> Bozta\u015f K\u00f6y Merkezi 1,5km.<\/li>\n<li><strong>Ula\u015f\u0131m Kolayl\u0131\u011f\u0131:<\/strong> Yolu Olan Tamam\u0131 Kullan\u0131labilir<\/li>\n<\/ul>\n<h3><strong>Fiyat: 1.100.000TL<\/strong><\/h3>\n<p>Uygun fiyat\u0131yla yat\u0131r\u0131mc\u0131lar i\u00e7in ka\u00e7\u0131r\u0131lmayacak bir f\u0131rsat!<\/p>\n<p>Detayl\u0131 bilgi ve yer g\u00f6sterimi i\u00e7in bizimle ileti\u015fime ge\u00e7ebilirsiniz:<br \/>\n<strong>0 542 291 99 83<\/strong><br \/>\n<strong>Gelecek Gayrimenkul Yat\u0131r\u0131m Dan\u0131\u015fmanl\u0131\u011f\u0131<\/strong><br \/>\nHamdibey Mh. \u015eehit Kaymakam Hamdibey Sk. No:9\/A Biga \u00c7anakkale<\/p>\n<p><strong>H\u0131zl\u0131 davran\u0131n, bu f\u0131rsat\u0131 ka\u00e7\u0131rmay\u0131n!<\/strong><\/p>\n","protected":false},"excerpt":{"rendered":"<p>KIRKLAREL\u0130 DEM\u0130RK\u00d6Y\u2019DE 2.138 M2 TARLA 101 ada 433 parsel Arsa \u00d6zellikleri: Konum: K\u0131rklareli Demirk\u00f6y Bozta\u015f B\u00fcy\u00fckl\u00fck: 2.138 m\u00b2 \u0130mar Durumu :\u00a0\u00a0Tarla Lokasyon Avantajlar\u0131: Konum: Bozta\u015f K\u00f6y Merkezi 1,5km. Ula\u015f\u0131m Kolayl\u0131\u011f\u0131: Yolu Olan Tamam\u0131 Kullan\u0131labilir Fiyat: 1.100.000TL Uygun fiyat\u0131yla yat\u0131r\u0131mc\u0131lar i\u00e7in ka\u00e7\u0131r\u0131lmayacak bir f\u0131rsat! Detayl\u0131 bilgi ve yer g\u00f6sterimi i\u00e7in bizimle ileti\u015fime ge\u00e7ebilirsiniz: 0 542 291 [&#8230;]\n","protected":false},"featured_media":561,"template":"","meta":[],"product_cat":[71,69],"product_tag":[],"class_list":{"0":"post-560","1":"product","2":"type-product","3":"status-publish","4":"has-post-thumbnail","6":"product_cat-arsalar","7":"product_cat-tarlabahce","9":"first","10":"instock","11":"shipping-taxable","12":"purchasable","13":"product-type-simple"},"_links":{"self":[{"href":"https:\/\/www.gelecekarsa.tr\/index.php?rest_route=\/wp\/v2\/product\/560","targetHints":{"allow":["GET"]}}],"collection":[{"href":"https:\/\/www.gelecekarsa.tr\/index.php?rest_route=\/wp\/v2\/product"}],"about":[{"href":"https:\/\/www.gelecekarsa.tr\/index.php?rest_route=\/wp\/v2\/types\/product"}],"wp:featuredmedia":[{"embeddable":true,"href":"https:\/\/www.gelecekarsa.tr\/index.php?rest_route=\/wp\/v2\/media\/561"}],"wp:attachment":[{"href":"https:\/\/www.gelecekarsa.tr\/index.php?rest_route=%2Fwp%2Fv2%2Fmedia&parent=560"}],"wp:term":[{"taxonomy":"product_cat","embeddable":true,"href":"https:\/\/www.gelecekarsa.tr\/index.php?rest_route=%2Fwp%2Fv2%2Fproduct_cat&post=560"},{"taxonomy":"product_tag","embeddable":true,"href":"https:\/\/www.gelecekarsa.tr\/index.php?rest_route=%2Fwp%2Fv2%2Fproduct_tag&post=560"}],"curies":[{"name":"wp","href":"https:\/\/api.w.org\/{rel}","templated":true}]}}